{"id":146011,"date":"2024-05-11T23:35:13","date_gmt":"2024-05-11T21:35:13","guid":{"rendered":"https:\/\/canllimona.com\/home\/"},"modified":"2026-02-28T22:59:17","modified_gmt":"2026-02-28T21:59:17","slug":"home","status":"publish","type":"page","link":"https:\/\/canllimona.com\/de\/","title":{"rendered":"Home"},"content":{"rendered":"\t\t<div data-elementor-type=\"wp-page\" data-elementor-id=\"146011\" class=\"elementor elementor-146011 elementor-145140\" data-elementor-post-type=\"page\">\n\t\t\t\t<div class=\"elementor-element elementor-element-2acb485f e-flex e-con-boxed e-con e-parent\" data-id=\"2acb485f\" data-element_type=\"container\" data-e-type=\"container\" data-settings=\"{&quot;background_background&quot;:&quot;classic&quot;,&quot;background_motion_fx_motion_fx_scrolling&quot;:&quot;yes&quot;,&quot;background_motion_fx_translateY_effect&quot;:&quot;yes&quot;,&quot;background_motion_fx_translateY_speed&quot;:{&quot;unit&quot;:&quot;px&quot;,&quot;size&quot;:1,&quot;sizes&quot;:[]},&quot;background_motion_fx_translateY_affectedRange&quot;:{&quot;unit&quot;:&quot;%&quot;,&quot;size&quot;:&quot;&quot;,&quot;sizes&quot;:{&quot;start&quot;:0,&quot;end&quot;:100}},&quot;background_motion_fx_devices&quot;:[&quot;desktop&quot;,&quot;tablet&quot;,&quot;mobile&quot;]}\">\n\t\t\t\t\t<div class=\"e-con-inner\">\n\t\t\t\t<div class=\"elementor-element elementor-element-339edf71 elementor-invisible elementor-widget elementor-widget-heading\" data-id=\"339edf71\" data-element_type=\"widget\" data-e-type=\"widget\" data-settings=\"{&quot;_animation&quot;:&quot;fadeInUp&quot;}\" data-widget_type=\"heading.default\">\n\t\t\t\t<div class=\"elementor-widget-container\">\n\t\t\t\t\t<h1 class=\"elementor-heading-title elementor-size-default\">Restaurant Ca\u2019n Llimona<\/h1>\t\t\t\t<\/div>\n\t\t\t\t<\/div>\n\t\t\t\t<div class=\"elementor-element elementor-element-1175aab elementor-hidden-desktop elementor-hidden-tablet elementor-hidden-mobile elementor-invisible elementor-widget elementor-widget-heading\" data-id=\"1175aab\" data-element_type=\"widget\" data-e-type=\"widget\" data-settings=\"{&quot;_animation&quot;:&quot;fadeInUp&quot;}\" data-widget_type=\"heading.default\">\n\t\t\t\t<div class=\"elementor-widget-container\">\n\t\t\t\t\t<h1 class=\"elementor-heading-title elementor-size-default\">Ca'n Llimona - geschlossen bis M\u00e4rz 2025<\/h1>\t\t\t\t<\/div>\n\t\t\t\t<\/div>\n\t\t\t\t<div class=\"elementor-element elementor-element-9be6d19 elementor-widget__width-auto elementor-invisible elementor-widget elementor-widget-heading\" data-id=\"9be6d19\" data-element_type=\"widget\" data-e-type=\"widget\" data-settings=\"{&quot;_animation&quot;:&quot;fadeIn&quot;,&quot;_animation_delay&quot;:300}\" data-widget_type=\"heading.default\">\n\t\t\t\t<div class=\"elementor-widget-container\">\n\t\t\t\t\t<h6 class=\"elementor-heading-title elementor-size-default\">T\u00e4glich frische handgemachte Pasta in S\u00f3ller, Mallorca<\/h6>\t\t\t\t<\/div>\n\t\t\t\t<\/div>\n\t\t\t\t<div class=\"elementor-element elementor-element-9667586 elementor-widget__width-auto elementor-hidden-desktop elementor-hidden-tablet elementor-hidden-mobile elementor-invisible elementor-widget elementor-widget-heading\" data-id=\"9667586\" data-element_type=\"widget\" data-e-type=\"widget\" data-settings=\"{&quot;_animation&quot;:&quot;fadeIn&quot;,&quot;_animation_delay&quot;:300}\" data-widget_type=\"heading.default\">\n\t\t\t\t<div class=\"elementor-widget-container\">\n\t\t\t\t\t<h6 class=\"elementor-heading-title elementor-size-default\">Vielen Dank f\u00fcr ein weiteres Jahr der Arbeit. Die besten W\u00fcnsche f\u00fcr 2025. Gesundheit, Liebe und Frieden. Ich danke Ihnen vielmals. Claudia<\/h6>\t\t\t\t<\/div>\n\t\t\t\t<\/div>\n\t\t\t\t\t<\/div>\n\t\t\t\t<\/div>\n\t\t<div class=\"elementor-element elementor-element-3a40c0c6 e-con-full e-flex e-con e-parent\" data-id=\"3a40c0c6\" data-element_type=\"container\" data-e-type=\"container\">\n\t\t<div class=\"elementor-element elementor-element-4d3528fd e-con-full elementor-hidden-mobile e-flex e-con e-child\" data-id=\"4d3528fd\" data-element_type=\"container\" data-e-type=\"container\" data-settings=\"{&quot;background_background&quot;:&quot;classic&quot;,&quot;background_motion_fx_motion_fx_scrolling&quot;:&quot;yes&quot;,&quot;background_motion_fx_translateY_effect&quot;:&quot;yes&quot;,&quot;background_motion_fx_translateY_speed&quot;:{&quot;unit&quot;:&quot;px&quot;,&quot;size&quot;:1,&quot;sizes&quot;:[]},&quot;background_motion_fx_translateY_affectedRange&quot;:{&quot;unit&quot;:&quot;%&quot;,&quot;size&quot;:&quot;&quot;,&quot;sizes&quot;:{&quot;start&quot;:0,&quot;end&quot;:100}},&quot;background_motion_fx_devices&quot;:[&quot;desktop&quot;,&quot;tablet&quot;,&quot;mobile&quot;]}\">\n\t\t\t\t<div class=\"elementor-element elementor-element-64055574 elementor-widget elementor-widget-heading\" data-id=\"64055574\" data-element_type=\"widget\" data-e-type=\"widget\" data-widget_type=\"heading.default\">\n\t\t\t\t<div class=\"elementor-widget-container\">\n\t\t\t\t\t<h2 class=\"elementor-heading-title elementor-size-default\">Herzlich willkommen<\/h2>\t\t\t\t<\/div>\n\t\t\t\t<\/div>\n\t\t\t\t<\/div>\n\t\t<div class=\"elementor-element elementor-element-4e25f73f e-con-full e-flex e-con e-child\" data-id=\"4e25f73f\" data-element_type=\"container\" data-e-type=\"container\">\n\t\t\t\t<div class=\"elementor-element elementor-element-14c6e505 elementor-hidden-mobile elementor-invisible elementor-widget elementor-widget-heading\" data-id=\"14c6e505\" data-element_type=\"widget\" data-e-type=\"widget\" data-settings=\"{&quot;_animation&quot;:&quot;fadeInLeft&quot;,&quot;_animation_mobile&quot;:&quot;fadeInDown&quot;}\" data-widget_type=\"heading.default\">\n\t\t\t\t<div class=\"elementor-widget-container\">\n\t\t\t\t\t<h2 class=\"elementor-heading-title elementor-size-default\">im Ca\u2019n Llimona<\/h2>\t\t\t\t<\/div>\n\t\t\t\t<\/div>\n\t\t<div class=\"elementor-element elementor-element-1e7984a5 e-con-full e-flex e-con e-child\" data-id=\"1e7984a5\" data-element_type=\"container\" data-e-type=\"container\">\n\t\t\t\t<div class=\"elementor-element elementor-element-3c1a2744 elementor-widget elementor-widget-heading\" data-id=\"3c1a2744\" data-element_type=\"widget\" data-e-type=\"widget\" data-widget_type=\"heading.default\">\n\t\t\t\t<div class=\"elementor-widget-container\">\n\t\t\t\t\t<h6 class=\"elementor-heading-title elementor-size-default\">In unserem Restaurant widmen wir uns ganz besonders der frischen hausgemachten Pasta.<\/h6>\t\t\t\t<\/div>\n\t\t\t\t<\/div>\n\t\t\t\t<div class=\"elementor-element elementor-element-7c9ad98f elementor-widget elementor-widget-text-editor\" data-id=\"7c9ad98f\" data-element_type=\"widget\" data-e-type=\"widget\" data-widget_type=\"text-editor.default\">\n\t\t\t\t<div class=\"elementor-widget-container\">\n\t\t\t\t\t\t\t\t\t<p>F\u00fcr unsere Rezepte, die alle in meiner K\u00fcche entstanden sind, verwenden wir ausgew\u00e4hlte Produkte aus Italien und kombinieren sie mit dem Besten, was Mallorca zu bieten hat. Die Seele des Ca\u2019n Llimonas ist unsere Aufrichtigkeit und Sorgfalt.<\/p><p>Besonders wichtig ist es uns weiterhin, lokale H\u00e4ndler zu unterst\u00fctzen und im Einklang mit der Natur zu handeln.<\/p><p>Vielen Dank daf\u00fcr, dass sie unser Projekt unterst\u00fctzen.<\/p>\t\t\t\t\t\t\t\t<\/div>\n\t\t\t\t<\/div>\n\t\t\t\t<div class=\"elementor-element elementor-element-58b4e34 elementor-mobile-align-center elementor-widget-mobile__width-inherit elementor-widget elementor-widget-button\" data-id=\"58b4e34\" data-element_type=\"widget\" data-e-type=\"widget\" data-widget_type=\"button.default\">\n\t\t\t\t<div class=\"elementor-widget-container\">\n\t\t\t\t\t\t\t\t\t<div class=\"elementor-button-wrapper\">\n\t\t\t\t\t<a class=\"elementor-button elementor-button-link elementor-size-sm\" href=\"https:\/\/canllimona.com\/de\/menue\/\">\n\t\t\t\t\t\t<span class=\"elementor-button-content-wrapper\">\n\t\t\t\t\t\t\t\t\t<span class=\"elementor-button-text\">Men\u00fc<\/span>\n\t\t\t\t\t<\/span>\n\t\t\t\t\t<\/a>\n\t\t\t\t<\/div>\n\t\t\t\t\t\t\t\t<\/div>\n\t\t\t\t<\/div>\n\t\t\t\t<\/div>\n\t\t\t\t<\/div>\n\t\t\t\t<\/div>\n\t\t<div class=\"elementor-element elementor-element-6cde3d54 e-flex e-con-boxed e-con e-parent\" data-id=\"6cde3d54\" data-element_type=\"container\" data-e-type=\"container\">\n\t\t\t\t\t<div class=\"e-con-inner\">\n\t\t<div class=\"elementor-element elementor-element-ec7e66e e-con-full e-flex e-con e-child\" data-id=\"ec7e66e\" data-element_type=\"container\" data-e-type=\"container\">\n\t\t\t\t<div class=\"elementor-element elementor-element-5acce82 elementor-widget elementor-widget-html\" data-id=\"5acce82\" data-element_type=\"widget\" data-e-type=\"widget\" data-widget_type=\"html.default\">\n\t\t\t\t<div class=\"elementor-widget-container\">\n\t\t\t\t\t<iframe id=\"restooBookingIframe\" src=\"https:\/\/canllimona.myrestoo.net\/\" width=\"100%\" height=\"700\" frameborder=\"0\"><\/iframe>\t\t\t\t<\/div>\n\t\t\t\t<\/div>\n\t\t\t\t<\/div>\n\t\t<div class=\"elementor-element elementor-element-56060a9f e-con-full elementor-hidden-mobile e-flex e-con e-child\" data-id=\"56060a9f\" data-element_type=\"container\" data-e-type=\"container\">\n\t\t\t\t<div class=\"elementor-element elementor-element-18868405 animated-slow elementor-widget-mobile__width-initial elementor-invisible elementor-widget elementor-widget-image\" data-id=\"18868405\" data-element_type=\"widget\" data-e-type=\"widget\" data-settings=\"{&quot;_animation&quot;:&quot;fadeInUp&quot;,&quot;motion_fx_motion_fx_scrolling&quot;:&quot;yes&quot;,&quot;motion_fx_translateY_effect&quot;:&quot;yes&quot;,&quot;motion_fx_translateY_speed&quot;:{&quot;unit&quot;:&quot;px&quot;,&quot;size&quot;:1,&quot;sizes&quot;:[]},&quot;motion_fx_translateY_affectedRange&quot;:{&quot;unit&quot;:&quot;%&quot;,&quot;size&quot;:&quot;&quot;,&quot;sizes&quot;:{&quot;start&quot;:0,&quot;end&quot;:100}},&quot;motion_fx_devices&quot;:[&quot;desktop&quot;,&quot;tablet&quot;,&quot;mobile&quot;]}\" data-widget_type=\"image.default\">\n\t\t\t\t<div class=\"elementor-widget-container\">\n\t\t\t\t\t\t\t\t\t\t\t\t\t\t\t<img fetchpriority=\"high\" decoding=\"async\" width=\"1732\" height=\"1155\" src=\"https:\/\/canllimona.com\/wp-content\/uploads\/2021\/02\/header_11.jpg\" class=\"attachment-full size-full wp-image-145606\" alt=\"\" srcset=\"https:\/\/canllimona.com\/wp-content\/uploads\/2021\/02\/header_11.jpg 1732w, https:\/\/canllimona.com\/wp-content\/uploads\/2021\/02\/header_11-300x200.jpg 300w, https:\/\/canllimona.com\/wp-content\/uploads\/2021\/02\/header_11-1024x683.jpg 1024w, https:\/\/canllimona.com\/wp-content\/uploads\/2021\/02\/header_11-768x512.jpg 768w, https:\/\/canllimona.com\/wp-content\/uploads\/2021\/02\/header_11-1536x1024.jpg 1536w\" sizes=\"(max-width: 1732px) 100vw, 1732px\" \/>\t\t\t\t\t\t\t\t\t\t\t\t\t\t\t<\/div>\n\t\t\t\t<\/div>\n\t\t\t\t<div class=\"elementor-element elementor-element-3f815a01 elementor-widget-mobile__width-initial elementor-invisible elementor-widget elementor-widget-image\" data-id=\"3f815a01\" data-element_type=\"widget\" data-e-type=\"widget\" data-settings=\"{&quot;motion_fx_motion_fx_scrolling&quot;:&quot;yes&quot;,&quot;motion_fx_translateY_effect&quot;:&quot;yes&quot;,&quot;motion_fx_translateY_direction&quot;:&quot;negative&quot;,&quot;motion_fx_translateY_speed&quot;:{&quot;unit&quot;:&quot;px&quot;,&quot;size&quot;:0.5,&quot;sizes&quot;:[]},&quot;_animation&quot;:&quot;fadeInRight&quot;,&quot;motion_fx_translateY_affectedRange&quot;:{&quot;unit&quot;:&quot;%&quot;,&quot;size&quot;:&quot;&quot;,&quot;sizes&quot;:{&quot;start&quot;:0,&quot;end&quot;:100}},&quot;motion_fx_devices&quot;:[&quot;desktop&quot;,&quot;tablet&quot;,&quot;mobile&quot;]}\" data-widget_type=\"image.default\">\n\t\t\t\t<div class=\"elementor-widget-container\">\n\t\t\t\t\t\t\t\t\t\t\t\t\t\t\t<img decoding=\"async\" width=\"1732\" height=\"1155\" src=\"https:\/\/canllimona.com\/wp-content\/uploads\/2021\/02\/header_7.jpg\" class=\"attachment-full size-full wp-image-145598\" alt=\"\" srcset=\"https:\/\/canllimona.com\/wp-content\/uploads\/2021\/02\/header_7.jpg 1732w, https:\/\/canllimona.com\/wp-content\/uploads\/2021\/02\/header_7-300x200.jpg 300w, https:\/\/canllimona.com\/wp-content\/uploads\/2021\/02\/header_7-1024x683.jpg 1024w, https:\/\/canllimona.com\/wp-content\/uploads\/2021\/02\/header_7-768x512.jpg 768w, https:\/\/canllimona.com\/wp-content\/uploads\/2021\/02\/header_7-1536x1024.jpg 1536w\" sizes=\"(max-width: 1732px) 100vw, 1732px\" \/>\t\t\t\t\t\t\t\t\t\t\t\t\t\t\t<\/div>\n\t\t\t\t<\/div>\n\t\t\t\t<\/div>\n\t\t\t\t\t<\/div>\n\t\t\t\t<\/div>\n\t\t\t\t<\/div>\n\t\t","protected":false},"excerpt":{"rendered":"<p>Restaurant Ca\u2019n Llimona Ca&#8217;n Llimona &#8211; geschlossen bis M\u00e4rz 2025 T\u00e4glich frische handgemachte Pasta in S\u00f3ller, Mallorca Vielen Dank f\u00fcr ein weiteres Jahr der Arbeit. Die besten W\u00fcnsche f\u00fcr 2025. Gesundheit, Liebe und Frieden. Ich danke Ihnen vielmals. Claudia Herzlich willkommen im Ca\u2019n Llimona In unserem Restaurant widmen wir uns ganz besonders der frischen hausgemachten [&hellip;]<\/p>\n","protected":false},"author":1,"featured_media":0,"parent":0,"menu_order":1,"comment_status":"closed","ping_status":"closed","template":"elementor_header_footer","meta":{"_seopress_robots_primary_cat":"","_seopress_titles_title":"","_seopress_titles_desc":"","_seopress_robots_index":"","footnotes":""},"class_list":["post-146011","page","type-page","status-publish","hentry"],"_links":{"self":[{"href":"https:\/\/canllimona.com\/de\/wp-json\/wp\/v2\/pages\/146011","targetHints":{"allow":["GET"]}}],"collection":[{"href":"https:\/\/canllimona.com\/de\/wp-json\/wp\/v2\/pages"}],"about":[{"href":"https:\/\/canllimona.com\/de\/wp-json\/wp\/v2\/types\/page"}],"author":[{"embeddable":true,"href":"https:\/\/canllimona.com\/de\/wp-json\/wp\/v2\/users\/1"}],"replies":[{"embeddable":true,"href":"https:\/\/canllimona.com\/de\/wp-json\/wp\/v2\/comments?post=146011"}],"version-history":[{"count":12,"href":"https:\/\/canllimona.com\/de\/wp-json\/wp\/v2\/pages\/146011\/revisions"}],"predecessor-version":[{"id":146120,"href":"https:\/\/canllimona.com\/de\/wp-json\/wp\/v2\/pages\/146011\/revisions\/146120"}],"wp:attachment":[{"href":"https:\/\/canllimona.com\/de\/wp-json\/wp\/v2\/media?parent=146011"}],"curies":[{"name":"wp","href":"https:\/\/api.w.org\/{rel}","templated":true}]}}